{"id":3,"date":"2025-03-12T16:12:47","date_gmt":"2025-03-12T19:12:47","guid":{"rendered":"http:\/\/familiacorretoradeseguros.com.br\/?page_id=3"},"modified":"2025-11-06T14:58:50","modified_gmt":"2025-11-06T17:58:50","slug":"politica-de-privacidade","status":"publish","type":"page","link":"https:\/\/familiacorretoradeseguros.com.br\/?page_id=3","title":{"rendered":"Pol\u00edtica de privacidade"},"content":{"rendered":"\n<h2 class=\"wp-block-heading has-system-sans-serif-font-family has-large-font-size\"><strong>Quem somos<\/strong><\/h2>\n\n\n\n<p>A Fam\u00edlia Im\u00f3veis Corretora de Seguros, pessoa jur\u00eddica de direito privado, com sede na Rua Esp\u00edrito Santo, 128 &#8211; Campo Grande, Santos\/SP (11075-330), inscrita no CNPJ\/MF sob o n\u00ba 58608822000130. Leva a sua privacidade a s\u00e9rio e zela pela seguran\u00e7a e prote\u00e7\u00e3o de dados de todos os seus clientes, parceiros, fornecedores e usu\u00e1rios (\u201cUsu\u00e1rios\u201d ou \u201cvoc\u00ea\u201d) do site www.familiacorretoradeseguros.com.br.<\/p>\n\n\n\n<p>Caso voc\u00ea nos envie Dados Pessoais referentes a outras pessoas f\u00edsicas, voc\u00ea declara ter a compet\u00eancia para faz\u00ea-lo e declara ter obtido o consentimento necess\u00e1rio para autorizar o uso de tais informa\u00e7\u00f5es nos termos desta Pol\u00edtica de Privacidade.<\/p>\n\n\n\n<h2 class=\"wp-block-heading has-system-sans-serif-font-family has-large-font-size\"><strong>Para os fins desta Pol\u00edtica de Privacidade:<\/strong><\/h2>\n\n\n\n<p>\u201cDados Pessoais\u201d significa qualquer informa\u00e7\u00e3o que, direta ou indiretamente, identifique ou possa identificar uma pessoa natural, como por exemplo, nome, CPF, data de nascimento, endere\u00e7o IP, dentre outros;<br>\u201cDados Pessoais Sens\u00edveis\u201d significa qualquer informa\u00e7\u00e3o que revele, em rela\u00e7\u00e3o a uma pessoa natural, origem racial ou \u00e9tnica, convic\u00e7\u00e3o religiosa, opini\u00e3o pol\u00edtica, filia\u00e7\u00e3o a sindicato ou a organiza\u00e7\u00e3o de car\u00e1ter religioso, filos\u00f3fico ou pol\u00edtico, dado referente \u00e0 sa\u00fade ou \u00e0 vida sexual, dado gen\u00e9tico ou biom\u00e9trico;<br>\u201cTratamento de Dados Pessoais\u201d significa qualquer opera\u00e7\u00e3o efetuada no \u00e2mbito dos Dados Pessoais, por meio de meios autom\u00e1ticos ou n\u00e3o, tal como a recolha, grava\u00e7\u00e3o, organiza\u00e7\u00e3o, estrutura\u00e7\u00e3o, armazenamento, adapta\u00e7\u00e3o ou altera\u00e7\u00e3o, recupera\u00e7\u00e3o, consulta, utiliza\u00e7\u00e3o, divulga\u00e7\u00e3o por transmiss\u00e3o, dissemina\u00e7\u00e3o ou, alternativamente, disponibiliza\u00e7\u00e3o, harmoniza\u00e7\u00e3o ou associa\u00e7\u00e3o, restri\u00e7\u00e3o, elimina\u00e7\u00e3o ou destrui\u00e7\u00e3o. Tamb\u00e9m \u00e9 considerado Tratamento de Dados Pessoais qualquer outra opera\u00e7\u00e3o prevista nos termos da legisla\u00e7\u00e3o aplic\u00e1vel;<br>\u201cLeis de Prote\u00e7\u00e3o de Dados\u201d significa todas as disposi\u00e7\u00f5es legais que regulem o Tratamento de Dados Pessoais, incluindo, por\u00e9m sem se limitar, a Lei n\u00ba 13.709\/18, Lei Geral de Prote\u00e7\u00e3o de Dados Pessoais (\u201cLGPD\u201d).<\/p>\n\n\n\n<h2 class=\"wp-block-heading has-system-sans-serif-font-family has-large-font-size\"><strong><strong>Uso de Dados Pessoais<\/strong><\/strong><\/h2>\n\n\n\n<p>Coletamos e usamos Dados Pessoais para gerenciar seu relacionamento conosco e melhor atend\u00ea-lo quando voc\u00ea estiver adquirindo produtos e\/ou servi\u00e7os na Loja, personalizando e melhorando sua experi\u00eancia. Exemplos de como usamos os dados incluem:<\/p>\n\n\n\n<p> Viabilizar que voc\u00ea adquira produtos e\/ou servi\u00e7os na Loja;<br>Para confirmar ou corrigir as informa\u00e7\u00f5es que temos sobre voc\u00ea;<br>Para enviar informa\u00e7\u00f5es que acreditamos ser do seu interesse;<br>Para personalizar sua experi\u00eancia de uso da Loja;<br>Para personalizar o envio de publicidades para voc\u00ea, baseada em seu interesse em nossa Loja; e<br>Para entrarmos em contato por um n\u00famero de telefone e\/ou endere\u00e7o de e-mail fornecido. Podemos entrar em contato com voc\u00ea pessoalmente, por mensagem de voz, atrav\u00e9s de equipamentos de discagem autom\u00e1tica, por mensagens de texto (SMS), por e-mail, ou por qualquer outro meio de comunica\u00e7\u00e3o que seu dispositivo seja capaz de receber, nos termos da lei e para fins comerciais razo\u00e1veis.<\/p>\n\n\n\n<p>Al\u00e9m disso, os Dados Pessoais fornecidos tamb\u00e9m podem ser utilizados na forma que julgarmos necess\u00e1ria ou adequada: (a) nos termos das Leis de Prote\u00e7\u00e3o de Dados; (b) para atender exig\u00eancias de processo judicial; (c) para cumprir decis\u00e3o judicial, decis\u00e3o regulat\u00f3ria ou decis\u00e3o de autoridades competentes, incluindo autoridades fora do pa\u00eds de resid\u00eancia; (d) para proteger nossas opera\u00e7\u00f5es; (e) para proteger direitos, privacidade, seguran\u00e7a nossos, seus ou de terceiros; (f) para detectar e prevenir fraude; (g) permitir-nos usar as a\u00e7\u00f5es dispon\u00edveis ou limitar danos que venhamos a sofrer; (h) de outros modos permitidos por lei.<\/p>\n\n\n\n<h2 class=\"wp-block-heading has-system-sans-serif-font-family has-large-font-size\"><strong>N\u00e3o fornecimento de Dados Pessoais<\/strong><\/h2>\n\n\n\n<p><strong class=\"privacy-policy-tutorial\">Texto sugerido: <\/strong>Ao deixar um coment\u00e1rio no site, voc\u00ea poder\u00e1 optar por salvar seu nome, e-mail e site nos cookies. Isso visa seu conforto, assim voc\u00ea n\u00e3o precisar\u00e1 preencher seus  dados novamente quando fizer outro coment\u00e1rio. Estes cookies duram um ano.<\/p>\n\n\n\n<p>Se voc\u00ea tem uma conta e acessa este site, um cookie tempor\u00e1rio ser\u00e1 criado para determinar se seu navegador aceita cookies. Ele n\u00e3o cont\u00e9m nenhum dado pessoal e ser\u00e1 descartado quando voc\u00ea fechar seu navegador.<\/p>\n\n\n\n<p>Quando voc\u00ea acessa sua conta no site, tamb\u00e9m criamos v\u00e1rios cookies para salvar os dados da sua conta e suas escolhas de exibi\u00e7\u00e3o de tela. Cookies de login s\u00e3o mantidos por dois dias e cookies de op\u00e7\u00f5es de tela por um ano. Se voc\u00ea selecionar &#8220;Lembrar-me&#8221;, seu acesso ser\u00e1 mantido por duas semanas. Se voc\u00ea se desconectar da sua conta, os cookies de login ser\u00e3o removidos.<\/p>\n\n\n\n<p>Se voc\u00ea editar ou publicar um artigo, um cookie adicional ser\u00e1 salvo no seu navegador. Este cookie n\u00e3o inclui nenhum dado pessoal e simplesmente indica o ID do post referente ao artigo que voc\u00ea acabou de editar. Ele expira depois de 1 dia.<\/p>\n\n\n\n<h2 class=\"wp-block-heading has-system-sans-serif-font-family has-large-font-size\"><strong>N\u00e3o fornecimento de Dados Pessoais<\/strong><\/h2>\n\n\n\n<p>Voc\u00ea n\u00e3o \u00e9 obrigado a compartilhar os Dados Pessoais que solicitamos, no entanto, se voc\u00ea optar por n\u00e3o os compartilhar, em alguns casos, n\u00e3o poderemos fornecer a voc\u00ea acesso completo \u00e0 Loja, alguns recursos especializados ou ser capaz de prestar a assist\u00eancia necess\u00e1ria ou, ainda, viabilizar a entrega do produto ou prestar o servi\u00e7o contratado por voc\u00ea.<\/p>\n\n\n\n<h2 class=\"wp-block-heading has-system-sans-serif-font-family has-large-font-size\"><strong>Com quem compartilhamos seus dados<\/strong><\/h2>\n\n\n\n<p>O p\u00fablico em geral poder\u00e1 navegar na EMPRESA sem necessidade de qualquer cadastro e envio de Dados Pessoais. No entanto, algumas das funcionalidades da empresa poder\u00e3o depender de cadastro e envio de Dados Pessoais como concluir a compra\/contrata\u00e7\u00e3o do servi\u00e7o e\/ou a viabilizar a entrega do produto\/presta\u00e7\u00e3o do servi\u00e7o por n\u00f3s.<\/p>\n\n\n\n<p>No contato a empresa, n\u00f3s podemos coletar:<\/p>\n\n\n\n<p>Dados de contato. Nome, sobrenome, n\u00famero de telefone, cidade, Estado e endere\u00e7o de e-mail; e Informa\u00e7\u00f5es que voc\u00ea envia. Informa\u00e7\u00f5es que voc\u00ea envia via formul\u00e1rio (d\u00favidas, reclama\u00e7\u00f5es, sugest\u00f5es, cr\u00edticas, elogios etc.).<\/p>\n\n\n\n<p>Dados de localiza\u00e7\u00e3o. Dados de geolocaliza\u00e7\u00e3o quando voc\u00ea acessa a EMPRESA; Prefer\u00eancias. Informa\u00e7\u00f5es sobre suas prefer\u00eancias e interesses em rela\u00e7\u00e3o aos produtos\/servi\u00e7os (quando voc\u00ea nos diz o que eles s\u00e3o ou quando os deduzimos do que sabemos sobre voc\u00ea); Dados de navega\u00e7\u00e3o na EMPRESA. Informa\u00e7\u00f5es sobre suas visitas e atividades na EMPRESA, incluindo o conte\u00fado (e quaisquer an\u00fancios) com os quais voc\u00ea visualiza e interage, informa\u00e7\u00f5es sobre o navegador e o dispositivo que voc\u00ea est\u00e1 usando, seu endere\u00e7o IP, sua localiza\u00e7\u00e3o, o endere\u00e7o do site a partir do qual voc\u00ea chegou. Algumas dessas informa\u00e7\u00f5es s\u00e3o coletadas usando nossas Ferramentas de Coleta Autom\u00e1tica de Dados, que incluem cookies, web beacons e links da web incorporados. Para saber mais, leia como n\u00f3s usamos Ferramentas de Coleta Autom\u00e1tica de Dados no item 7 abaixo; Dados an\u00f4nimos ou agregados. Respostas an\u00f4nimas para pesquisas ou informa\u00e7\u00f5es an\u00f4nimas e agregadas sobre como a EMPRESA \u00e9 usufru\u00edda. Durante nossas opera\u00e7\u00f5es, em certos casos, aplicamos um processo de desidentifica\u00e7\u00e3o ou pseudonimiza\u00e7\u00e3o aos seus dados para que seja razoavelmente improv\u00e1vel que voc\u00ea identifique voc\u00ea atrav\u00e9s do uso desses dados com a tecnologia dispon\u00edvel; e Outras informa\u00e7\u00f5es que podemos coletar. Outras informa\u00e7\u00f5es que n\u00e3o revelem especificamente a sua identidade ou que n\u00e3o s\u00e3o diretamente relacionadas a um indiv\u00edduo, tais como informa\u00e7\u00f5es sobre navegador e dispositivo; dados de uso da EMPRESA; e informa\u00e7\u00f5es coletadas por meio de cookies, pixel tags e outras tecnologias.<\/p>\n\n\n\n<p>Ao menos que voc\u00ea informe em algum formul\u00e1rio livre preenchido por voc\u00ea, n\u00f3s n\u00e3o coletamos Dados Pessoais Sens\u00edveis.<\/p>\n\n\n\n<p>Com a(s) empresa(s) parceira(s) que voc\u00ea selecionar ou optar em enviar os seus dados, d\u00favidas, perguntas etc., bem como com provedores de servi\u00e7os ou parceiros para gerenciar ou suportar certos aspectos de nossas opera\u00e7\u00f5es comerciais em nosso nome. Esses provedores de servi\u00e7os ou parceiros podem estar localizados nos Estados Unidos, na Argentina, no Brasil ou em outros locais globais, incluindo servidores para homologa\u00e7\u00e3o e produ\u00e7\u00e3o, e prestadores de servi\u00e7os de hospedagem e armazenamento de dados, gerenciamento de fraudes, suporte ao cliente, vendas em nosso nome, atendimento de pedidos, personaliza\u00e7\u00e3o de conte\u00fado, atividades de publicidade e marketing (incluindo publicidade digital e personalizada) e servi\u00e7os de TI, por exemplo; Com terceiros, com o objetivo de nos ajudar a gerenciar a EMPRESA; e Com terceiros, caso ocorra qualquer reorganiza\u00e7\u00e3o, fus\u00e3o, venda, joint venture, cess\u00e3o, transmiss\u00e3o ou transfer\u00eancia de toda ou parte da nossa empresa, ativo ou capital (incluindo os relativos \u00e0 fal\u00eancia ou processos semelhantes).<\/p>\n\n\n\n<p>Dados Pessoais e informa\u00e7\u00f5es de outras naturezas coletadas por n\u00f3s podem ser transferidos ou acessados por entidades pertencentes ao grupo corporativo das empresas parceiras em todo o mundo de acordo com esta Pol\u00edtica de Privacidade.<\/p>\n\n\n\n<p>Quando voc\u00ea visita a EMPRESA, ela pode armazenar ou recuperar informa\u00e7\u00f5es em seu navegador, seja na forma de cookies e de outras tecnologias semelhantes. Essas informa\u00e7\u00f5es podem ser sobre voc\u00ea, suas prefer\u00eancias ou seu dispositivo e s\u00e3o usadas principalmente para que a EMPRESA funcione como voc\u00ea espera. As informa\u00e7\u00f5es geralmente n\u00e3o o identificam diretamente, mas podem oferecer uma experi\u00eancia na internet mais personalizada.<\/p>\n","protected":false},"excerpt":{"rendered":"<p>Quem somos A Fam\u00edlia Im\u00f3veis Corretora de Seguros, pessoa jur\u00eddica de direito privado, com sede na Rua Esp\u00edrito Santo, 128 &#8211; Campo Grande, Santos\/SP (11075-330), inscrita no CNPJ\/MF sob o n\u00ba 58608822000130. Leva a sua privacidade a s\u00e9rio e zela pela seguran\u00e7a e prote\u00e7\u00e3o de dados de todos os seus clientes, parceiros, fornecedores e usu\u00e1rios &#8230; <a title=\"Pol\u00edtica de privacidade\" class=\"read-more\" href=\"https:\/\/familiacorretoradeseguros.com.br\/?page_id=3\" aria-label=\"Read more about Pol\u00edtica de privacidade\">Ler mais<\/a><\/p>\n","protected":false},"author":1,"featured_media":0,"parent":0,"menu_order":0,"comment_status":"closed","ping_status":"open","template":"","meta":{"footnotes":""},"class_list":["post-3","page","type-page","status-publish"],"yoast_head":"<!-- This site is optimized with the Yoast SEO plugin v26.1.1 - https:\/\/yoast.com\/wordpress\/plugins\/seo\/ -->\n<title>Pol\u00edtica de privacidade - FAM\u00cdLIA IM\u00d3VEIS &amp; SEGUROS<\/title>\n<meta name=\"robots\" content=\"index, follow, max-snippet:-1, max-image-preview:large, max-video-preview:-1\" \/>\n<link rel=\"canonical\" href=\"https:\/\/familiacorretoradeseguros.com.br\/?page_id=3\" \/>\n<meta property=\"og:locale\" content=\"pt_BR\" \/>\n<meta property=\"og:type\" content=\"article\" \/>\n<meta property=\"og:title\" content=\"Pol\u00edtica de privacidade - FAM\u00cdLIA IM\u00d3VEIS &amp; SEGUROS\" \/>\n<meta property=\"og:description\" content=\"Quem somos A Fam\u00edlia Im\u00f3veis Corretora de Seguros, pessoa jur\u00eddica de direito privado, com sede na Rua Esp\u00edrito Santo, 128 &#8211; Campo Grande, Santos\/SP (11075-330), inscrita no CNPJ\/MF sob o n\u00ba 58608822000130. Leva a sua privacidade a s\u00e9rio e zela pela seguran\u00e7a e prote\u00e7\u00e3o de dados de todos os seus clientes, parceiros, fornecedores e usu\u00e1rios ... Ler mais\" \/>\n<meta property=\"og:url\" content=\"https:\/\/familiacorretoradeseguros.com.br\/?page_id=3\" \/>\n<meta property=\"og:site_name\" content=\"FAM\u00cdLIA IM\u00d3VEIS &amp; SEGUROS\" \/>\n<meta property=\"article:modified_time\" content=\"2025-11-06T17:58:50+00:00\" \/>\n<meta name=\"twitter:card\" content=\"summary_large_image\" \/>\n<meta name=\"twitter:label1\" content=\"Est. tempo de leitura\" \/>\n\t<meta name=\"twitter:data1\" content=\"8 minutos\" \/>\n<script type=\"application\/ld+json\" class=\"yoast-schema-graph\">{\"@context\":\"https:\/\/schema.org\",\"@graph\":[{\"@type\":\"WebPage\",\"@id\":\"https:\/\/familiacorretoradeseguros.com.br\/?page_id=3\",\"url\":\"https:\/\/familiacorretoradeseguros.com.br\/?page_id=3\",\"name\":\"Pol\u00edtica de privacidade - FAM\u00cdLIA IM\u00d3VEIS &amp; SEGUROS\",\"isPartOf\":{\"@id\":\"https:\/\/familiacorretoradeseguros.com.br\/#website\"},\"datePublished\":\"2025-03-12T19:12:47+00:00\",\"dateModified\":\"2025-11-06T17:58:50+00:00\",\"breadcrumb\":{\"@id\":\"https:\/\/familiacorretoradeseguros.com.br\/?page_id=3#breadcrumb\"},\"inLanguage\":\"pt-BR\",\"potentialAction\":[{\"@type\":\"ReadAction\",\"target\":[\"https:\/\/familiacorretoradeseguros.com.br\/?page_id=3\"]}]},{\"@type\":\"BreadcrumbList\",\"@id\":\"https:\/\/familiacorretoradeseguros.com.br\/?page_id=3#breadcrumb\",\"itemListElement\":[{\"@type\":\"ListItem\",\"position\":1,\"name\":\"In\u00edcio\",\"item\":\"https:\/\/familiacorretoradeseguros.com.br\/\"},{\"@type\":\"ListItem\",\"position\":2,\"name\":\"Pol\u00edtica de privacidade\"}]},{\"@type\":\"WebSite\",\"@id\":\"https:\/\/familiacorretoradeseguros.com.br\/#website\",\"url\":\"https:\/\/familiacorretoradeseguros.com.br\/\",\"name\":\"FAM\u00cdLIA IM\u00d3VEIS &amp; SEGUROS\",\"description\":\"\",\"publisher\":{\"@id\":\"https:\/\/familiacorretoradeseguros.com.br\/#organization\"},\"potentialAction\":[{\"@type\":\"SearchAction\",\"target\":{\"@type\":\"EntryPoint\",\"urlTemplate\":\"https:\/\/familiacorretoradeseguros.com.br\/?s={search_term_string}\"},\"query-input\":{\"@type\":\"PropertyValueSpecification\",\"valueRequired\":true,\"valueName\":\"search_term_string\"}}],\"inLanguage\":\"pt-BR\"},{\"@type\":\"Organization\",\"@id\":\"https:\/\/familiacorretoradeseguros.com.br\/#organization\",\"name\":\"FAM\u00cdLIA IM\u00d3VEIS &amp; SEGUROS\",\"url\":\"https:\/\/familiacorretoradeseguros.com.br\/\",\"logo\":{\"@type\":\"ImageObject\",\"inLanguage\":\"pt-BR\",\"@id\":\"https:\/\/familiacorretoradeseguros.com.br\/#\/schema\/logo\/image\/\",\"url\":\"https:\/\/familiacorretoradeseguros.com.br\/wp-content\/uploads\/2025\/03\/cropped-LOGO-FAMILIA-E-SEGURO-ORIGINAL.png\",\"contentUrl\":\"https:\/\/familiacorretoradeseguros.com.br\/wp-content\/uploads\/2025\/03\/cropped-LOGO-FAMILIA-E-SEGURO-ORIGINAL.png\",\"width\":1177,\"height\":486,\"caption\":\"FAM\u00cdLIA IM\u00d3VEIS &amp; SEGUROS\"},\"image\":{\"@id\":\"https:\/\/familiacorretoradeseguros.com.br\/#\/schema\/logo\/image\/\"}}]}<\/script>\n<!-- \/ Yoast SEO plugin. -->","yoast_head_json":{"title":"Pol\u00edtica de privacidade - FAM\u00cdLIA IM\u00d3VEIS &amp; SEGUROS","robots":{"index":"index","follow":"follow","max-snippet":"max-snippet:-1","max-image-preview":"max-image-preview:large","max-video-preview":"max-video-preview:-1"},"canonical":"https:\/\/familiacorretoradeseguros.com.br\/?page_id=3","og_locale":"pt_BR","og_type":"article","og_title":"Pol\u00edtica de privacidade - FAM\u00cdLIA IM\u00d3VEIS &amp; SEGUROS","og_description":"Quem somos A Fam\u00edlia Im\u00f3veis Corretora de Seguros, pessoa jur\u00eddica de direito privado, com sede na Rua Esp\u00edrito Santo, 128 &#8211; Campo Grande, Santos\/SP (11075-330), inscrita no CNPJ\/MF sob o n\u00ba 58608822000130. Leva a sua privacidade a s\u00e9rio e zela pela seguran\u00e7a e prote\u00e7\u00e3o de dados de todos os seus clientes, parceiros, fornecedores e usu\u00e1rios ... Ler mais","og_url":"https:\/\/familiacorretoradeseguros.com.br\/?page_id=3","og_site_name":"FAM\u00cdLIA IM\u00d3VEIS &amp; SEGUROS","article_modified_time":"2025-11-06T17:58:50+00:00","twitter_card":"summary_large_image","twitter_misc":{"Est. tempo de leitura":"8 minutos"},"schema":{"@context":"https:\/\/schema.org","@graph":[{"@type":"WebPage","@id":"https:\/\/familiacorretoradeseguros.com.br\/?page_id=3","url":"https:\/\/familiacorretoradeseguros.com.br\/?page_id=3","name":"Pol\u00edtica de privacidade - FAM\u00cdLIA IM\u00d3VEIS &amp; SEGUROS","isPartOf":{"@id":"https:\/\/familiacorretoradeseguros.com.br\/#website"},"datePublished":"2025-03-12T19:12:47+00:00","dateModified":"2025-11-06T17:58:50+00:00","breadcrumb":{"@id":"https:\/\/familiacorretoradeseguros.com.br\/?page_id=3#breadcrumb"},"inLanguage":"pt-BR","potentialAction":[{"@type":"ReadAction","target":["https:\/\/familiacorretoradeseguros.com.br\/?page_id=3"]}]},{"@type":"BreadcrumbList","@id":"https:\/\/familiacorretoradeseguros.com.br\/?page_id=3#breadcrumb","itemListElement":[{"@type":"ListItem","position":1,"name":"In\u00edcio","item":"https:\/\/familiacorretoradeseguros.com.br\/"},{"@type":"ListItem","position":2,"name":"Pol\u00edtica de privacidade"}]},{"@type":"WebSite","@id":"https:\/\/familiacorretoradeseguros.com.br\/#website","url":"https:\/\/familiacorretoradeseguros.com.br\/","name":"FAM\u00cdLIA IM\u00d3VEIS &amp; SEGUROS","description":"","publisher":{"@id":"https:\/\/familiacorretoradeseguros.com.br\/#organization"},"potentialAction":[{"@type":"SearchAction","target":{"@type":"EntryPoint","urlTemplate":"https:\/\/familiacorretoradeseguros.com.br\/?s={search_term_string}"},"query-input":{"@type":"PropertyValueSpecification","valueRequired":true,"valueName":"search_term_string"}}],"inLanguage":"pt-BR"},{"@type":"Organization","@id":"https:\/\/familiacorretoradeseguros.com.br\/#organization","name":"FAM\u00cdLIA IM\u00d3VEIS &amp; SEGUROS","url":"https:\/\/familiacorretoradeseguros.com.br\/","logo":{"@type":"ImageObject","inLanguage":"pt-BR","@id":"https:\/\/familiacorretoradeseguros.com.br\/#\/schema\/logo\/image\/","url":"https:\/\/familiacorretoradeseguros.com.br\/wp-content\/uploads\/2025\/03\/cropped-LOGO-FAMILIA-E-SEGURO-ORIGINAL.png","contentUrl":"https:\/\/familiacorretoradeseguros.com.br\/wp-content\/uploads\/2025\/03\/cropped-LOGO-FAMILIA-E-SEGURO-ORIGINAL.png","width":1177,"height":486,"caption":"FAM\u00cdLIA IM\u00d3VEIS &amp; SEGUROS"},"image":{"@id":"https:\/\/familiacorretoradeseguros.com.br\/#\/schema\/logo\/image\/"}}]}},"_links":{"self":[{"href":"https:\/\/familiacorretoradeseguros.com.br\/index.php?rest_route=\/wp\/v2\/pages\/3","targetHints":{"allow":["GET"]}}],"collection":[{"href":"https:\/\/familiacorretoradeseguros.com.br\/index.php?rest_route=\/wp\/v2\/pages"}],"about":[{"href":"https:\/\/familiacorretoradeseguros.com.br\/index.php?rest_route=\/wp\/v2\/types\/page"}],"author":[{"embeddable":true,"href":"https:\/\/familiacorretoradeseguros.com.br\/index.php?rest_route=\/wp\/v2\/users\/1"}],"replies":[{"embeddable":true,"href":"https:\/\/familiacorretoradeseguros.com.br\/index.php?rest_route=%2Fwp%2Fv2%2Fcomments&post=3"}],"version-history":[{"count":3,"href":"https:\/\/familiacorretoradeseguros.com.br\/index.php?rest_route=\/wp\/v2\/pages\/3\/revisions"}],"predecessor-version":[{"id":1682,"href":"https:\/\/familiacorretoradeseguros.com.br\/index.php?rest_route=\/wp\/v2\/pages\/3\/revisions\/1682"}],"wp:attachment":[{"href":"https:\/\/familiacorretoradeseguros.com.br\/index.php?rest_route=%2Fwp%2Fv2%2Fmedia&parent=3"}],"curies":[{"name":"wp","href":"https:\/\/api.w.org\/{rel}","templated":true}]}}